{"id":3773,"date":"2025-02-21T20:51:38","date_gmt":"2025-02-21T20:51:38","guid":{"rendered":"https:\/\/demo.spoonthemes.net\/themes\/adifier-demo\/?page_id=3773"},"modified":"2025-02-21T20:51:38","modified_gmt":"2025-02-21T20:51:38","slug":"home-page-3-2","status":"publish","type":"page","link":"https:\/\/demo.spoonthemes.net\/themes\/adifier-demo\/?page_id=3773","title":{"rendered":"Home Page 3"},"content":{"rendered":"\t\t<div data-elementor-type=\"wp-page\" data-elementor-id=\"3773\" class=\"elementor elementor-3773 elementor-bc-flex-widget\">\n\t\t\t\t\t\t<section class=\"elementor-section elementor-top-section elementor-element elementor-element-ffeefe2 elementor-section-boxed elementor-section-height-default elementor-section-height-default\" data-id=\"ffeefe2\" data-element_type=\"section\" data-settings=\"{&quot;background_background&quot;:&quot;video&quot;,&quot;background_video_link&quot;:&quot;https:\\\/\\\/www.youtube.com\\\/watch?v=vlDzYIIOYmM&quot;,&quot;background_video_start&quot;:10}\">\n\t\t\t\t\t\t\t\t<div class=\"elementor-background-video-container elementor-hidden-mobile\">\n\t\t\t\t\t\t\t\t\t\t\t\t\t<div class=\"elementor-background-video-embed\"><\/div>\n\t\t\t\t\t\t\t\t\t\t\t\t<\/div>\n\t\t\t\t\t\t\t\t\t<div class=\"elementor-background-overlay\"><\/div>\n\t\t\t\t\t\t\t<div class=\"elementor-container elementor-column-gap-extended\">\n\t\t\t\t\t<div class=\"elementor-column elementor-col-33 elementor-top-column elementor-element elementor-element-a5ccbab\" data-id=\"a5ccbab\" data-element_type=\"column\">\n\t\t\t<div class=\"elementor-widget-wrap\">\n\t\t\t\t\t\t\t<\/div>\n\t\t<\/div>\n\t\t\t\t<div class=\"elementor-column elementor-col-33 elementor-top-column elementor-element elementor-element-1cb21b7\" data-id=\"1cb21b7\" data-element_type=\"column\">\n\t\t\t<div class=\"elementor-widget-wrap elementor-element-populated\">\n\t\t\t\t\t\t<div class=\"elementor-element elementor-element-2e7f6da elementor-widget elementor-widget-kc_af_title\" data-id=\"2e7f6da\" data-element_type=\"widget\" data-widget_type=\"kc_af_title.default\">\n\t\t\t\t<div class=\"elementor-widget-container\">\n\t\t\t\t\t<div class=\"af-title text-center\">\r\n\t<h1 class=\"af-heading\"><span style=\"color: #fff\">All You Need Is Here & Classified<\/span><\/h1>\r\n\t<p><span style=\"color: #fff\">Browse from more than <b>15,000,000<\/b> adverts while new ones come on daily bassis<\/span><\/p><\/div>\t\t\t\t<\/div>\n\t\t\t\t<\/div>\n\t\t\t\t<div class=\"elementor-element elementor-element-489654d elementor-widget elementor-widget-kc_search\" data-id=\"489654d\" data-element_type=\"widget\" data-widget_type=\"kc_search.default\">\n\t\t\t\t<div class=\"elementor-widget-container\">\n\t\t\t\t\t\t<div class=\"kc-search \">\r\n\t\t\t\t\r\n\t<form action=\"https:\/\/demo.spoonthemes.net\/themes\/adifier-demo\/?page_id=3759\" class=\"header-search flex-wrap\">\r\n\t\t<div class=\"keyword-wrap\">\r\n\t<input type=\"text\" class=\"form-control\" name=\"keyword\" placeholder=\"Search for...\">\r\n<\/div>\t\t\r\n\r\n\t\r\n\t\t\t<div class=\"header-location\">\r\n\t\t\t<input type=\"text\" class=\"form-control place-lookup location\" name=\"location\" placeholder=\"Located in...\">\r\n\t\t\t<input type=\"hidden\" name=\"latitude\" class=\"latitude\">\r\n\t\t\t<input type=\"hidden\" name=\"longitude\" class=\"longitude\">\t\t\t\r\n\t\t<\/div>\r\n\t\r\n\t\r\n\t\t<div class=\"styled-select\">\r\n\t\t<select name=\"category\">\r\n\t\t<option value=\"\">In Category<\/option>\r\n\t\t<option value=\"109\" >Electronics<\/option><option value=\"168\" >&nbsp;&nbsp;Watches<\/option><option value=\"146\" >Real Estate<\/option><option value=\"204\" >&nbsp;&nbsp;Houses<\/option><option value=\"152\" >Services<\/option><option value=\"210\" >&nbsp;&nbsp;Moving &amp; Storage<\/option><option value=\"163\" >Vehicles<\/option><option value=\"209\" >&nbsp;&nbsp;Motocycles<\/option>\t<\/select>\r\n<\/div>\t\t<a href=\"javascript:void(0);\" class=\"af-button submit-form\">Search<\/a>\t<\/form>\r\n\r\n\t<\/div>\t\r\n\t\t\t\t\t<\/div>\n\t\t\t\t<\/div>\n\t\t\t\t\t<\/div>\n\t\t<\/div>\n\t\t\t\t<div class=\"elementor-column elementor-col-33 elementor-top-column elementor-element elementor-element-9ab4fd5\" data-id=\"9ab4fd5\" data-element_type=\"column\">\n\t\t\t<div class=\"elementor-widget-wrap\">\n\t\t\t\t\t\t\t<\/div>\n\t\t<\/div>\n\t\t\t\t\t<\/div>\n\t\t<\/section>\n\t\t\t\t<section class=\"elementor-section elementor-top-section elementor-element elementor-element-c764240 elementor-section-boxed elementor-section-height-default elementor-section-height-default\" data-id=\"c764240\" data-element_type=\"section\">\n\t\t\t\t\t\t<div class=\"elementor-container elementor-column-gap-extended\">\n\t\t\t\t\t<div class=\"elementor-column elementor-col-33 elementor-top-column elementor-element elementor-element-b1c7566\" data-id=\"b1c7566\" data-element_type=\"column\">\n\t\t\t<div class=\"elementor-widget-wrap\">\n\t\t\t\t\t\t\t<\/div>\n\t\t<\/div>\n\t\t\t\t<div class=\"elementor-column elementor-col-33 elementor-top-column elementor-element elementor-element-a8fd598\" data-id=\"a8fd598\" data-element_type=\"column\" data-settings=\"{&quot;background_background&quot;:&quot;classic&quot;}\">\n\t\t\t<div class=\"elementor-widget-wrap elementor-element-populated\">\n\t\t\t\t\t\t<div class=\"elementor-element elementor-element-e1cc1d1 elementor-widget elementor-widget-kc_categories\" data-id=\"e1cc1d1\" data-element_type=\"widget\" data-widget_type=\"kc_categories.default\">\n\t\t\t\t<div class=\"elementor-widget-container\">\n\t\t\t\t\t\t<div class=\"element-categories-list categories-slider owl-carousel\" data-visibleitems=\"3\"  data-autoplay=\"2000\">\r\n\t\t<div>\t\t\t<div class=\"af-item-wrap hover-shadow side_icon\" style=\"\">\r\n\t\t\t\t<div class=\"category-item flex-wrap flex-start-h\" style=\"\">\r\n\t\t\t\t\t<div class=\"flex-left\">\r\n\t\t\t\t\t\t\t\t\t\t\t\t\t\t<a href=\"https:\/\/demo.spoonthemes.net\/themes\/adifier-demo\/?advert-category=electronics\">\r\n\t\t\t\t\t\t\t\t\t<div class=\"category-icon\" style=\"\"><img decoding=\"async\" src=\"https:\/\/demo.spoonthemes.net\/themes\/adifier-demo\/wp-content\/uploads\/2018\/11\/electronic-icon-9.jpg\" width=\"55\" height=\"55\" alt=\"cat-icon\"\/><\/div>\r\n\t\t\t\t\t\t\t\t<\/a>\r\n\t\t\t\t\t\t\t\t\t\t\t\t\t<\/div>\r\n\t\t\t\t\t<div class=\"flex-right\">\r\n\t\t\t\t\t\t<h5 style=\"\">\r\n\t\t\t\t\t\t\t<a href=\"https:\/\/demo.spoonthemes.net\/themes\/adifier-demo\/?advert-category=electronics\">\r\n\t\t\t\t\t\t\t\tElectronics\t\t\t\t\t\t\t<\/a>\r\n\t\t\t\t\t\t<\/h5>\r\n\t\t\t\t\t\t\t\t\t\t\t\t\t<div class=\"category-item-count\" style=\"\">0 ads posted<\/div>\r\n\t\t\t\t\t\t\t\t\t\t\t\t<\/div>\r\n\t\t\t\t<\/div>\r\n\t\t\t<\/div>\r\n\t\t\t<\/div><div>\t\t\t<div class=\"af-item-wrap hover-shadow side_icon\" style=\"\">\r\n\t\t\t\t<div class=\"category-item flex-wrap flex-start-h\" style=\"\">\r\n\t\t\t\t\t<div class=\"flex-left\">\r\n\t\t\t\t\t\t\t\t\t\t\t\t\t\t<a href=\"https:\/\/demo.spoonthemes.net\/themes\/adifier-demo\/?advert-category=real-estate\">\r\n\t\t\t\t\t\t\t\t\t<div class=\"category-icon\" style=\"\"><img decoding=\"async\" src=\"https:\/\/demo.spoonthemes.net\/themes\/adifier-demo\/wp-content\/uploads\/2018\/11\/realestate-icon-9.jpg\" width=\"55\" height=\"55\" alt=\"cat-icon\"\/><\/div>\r\n\t\t\t\t\t\t\t\t<\/a>\r\n\t\t\t\t\t\t\t\t\t\t\t\t\t<\/div>\r\n\t\t\t\t\t<div class=\"flex-right\">\r\n\t\t\t\t\t\t<h5 style=\"\">\r\n\t\t\t\t\t\t\t<a href=\"https:\/\/demo.spoonthemes.net\/themes\/adifier-demo\/?advert-category=real-estate\">\r\n\t\t\t\t\t\t\t\tReal Estate\t\t\t\t\t\t\t<\/a>\r\n\t\t\t\t\t\t<\/h5>\r\n\t\t\t\t\t\t\t\t\t\t\t\t\t<div class=\"category-item-count\" style=\"\">0 ads posted<\/div>\r\n\t\t\t\t\t\t\t\t\t\t\t\t<\/div>\r\n\t\t\t\t<\/div>\r\n\t\t\t<\/div>\r\n\t\t\t<\/div><div>\t\t\t<div class=\"af-item-wrap hover-shadow side_icon\" style=\"\">\r\n\t\t\t\t<div class=\"category-item flex-wrap flex-start-h\" style=\"\">\r\n\t\t\t\t\t<div class=\"flex-left\">\r\n\t\t\t\t\t\t\t\t\t\t\t\t\t\t<a href=\"https:\/\/demo.spoonthemes.net\/themes\/adifier-demo\/?advert-category=services\">\r\n\t\t\t\t\t\t\t\t\t<div class=\"category-icon\" style=\"\"><img decoding=\"async\" src=\"https:\/\/demo.spoonthemes.net\/themes\/adifier-demo\/wp-content\/uploads\/2018\/11\/services-icon-9.jpg\" width=\"55\" height=\"55\" alt=\"cat-icon\"\/><\/div>\r\n\t\t\t\t\t\t\t\t<\/a>\r\n\t\t\t\t\t\t\t\t\t\t\t\t\t<\/div>\r\n\t\t\t\t\t<div class=\"flex-right\">\r\n\t\t\t\t\t\t<h5 style=\"\">\r\n\t\t\t\t\t\t\t<a href=\"https:\/\/demo.spoonthemes.net\/themes\/adifier-demo\/?advert-category=services\">\r\n\t\t\t\t\t\t\t\tServices\t\t\t\t\t\t\t<\/a>\r\n\t\t\t\t\t\t<\/h5>\r\n\t\t\t\t\t\t\t\t\t\t\t\t\t<div class=\"category-item-count\" style=\"\">0 ads posted<\/div>\r\n\t\t\t\t\t\t\t\t\t\t\t\t<\/div>\r\n\t\t\t\t<\/div>\r\n\t\t\t<\/div>\r\n\t\t\t<\/div><div>\t\t\t<div class=\"af-item-wrap hover-shadow side_icon\" style=\"\">\r\n\t\t\t\t<div class=\"category-item flex-wrap flex-start-h\" style=\"\">\r\n\t\t\t\t\t<div class=\"flex-left\">\r\n\t\t\t\t\t\t\t\t\t\t\t\t\t\t<a href=\"https:\/\/demo.spoonthemes.net\/themes\/adifier-demo\/?advert-category=vehicles\">\r\n\t\t\t\t\t\t\t\t\t<div class=\"category-icon\" style=\"\"><img loading=\"lazy\" decoding=\"async\" src=\"https:\/\/demo.spoonthemes.net\/themes\/adifier-demo\/wp-content\/uploads\/2018\/11\/cars-icon-9.jpg\" width=\"55\" height=\"55\" alt=\"cat-icon\"\/><\/div>\r\n\t\t\t\t\t\t\t\t<\/a>\r\n\t\t\t\t\t\t\t\t\t\t\t\t\t<\/div>\r\n\t\t\t\t\t<div class=\"flex-right\">\r\n\t\t\t\t\t\t<h5 style=\"\">\r\n\t\t\t\t\t\t\t<a href=\"https:\/\/demo.spoonthemes.net\/themes\/adifier-demo\/?advert-category=vehicles\">\r\n\t\t\t\t\t\t\t\tVehicles\t\t\t\t\t\t\t<\/a>\r\n\t\t\t\t\t\t<\/h5>\r\n\t\t\t\t\t\t\t\t\t\t\t\t\t<div class=\"category-item-count\" style=\"\">0 ads posted<\/div>\r\n\t\t\t\t\t\t\t\t\t\t\t\t<\/div>\r\n\t\t\t\t<\/div>\r\n\t\t\t<\/div>\r\n\t\t\t<\/div>\t<\/div>\r\n\t\t\t\t\t<\/div>\n\t\t\t\t<\/div>\n\t\t\t\t\t<\/div>\n\t\t<\/div>\n\t\t\t\t<div class=\"elementor-column elementor-col-33 elementor-top-column elementor-element elementor-element-26111dd\" data-id=\"26111dd\" data-element_type=\"column\">\n\t\t\t<div class=\"elementor-widget-wrap\">\n\t\t\t\t\t\t\t<\/div>\n\t\t<\/div>\n\t\t\t\t\t<\/div>\n\t\t<\/section>\n\t\t\t\t<section class=\"elementor-section elementor-top-section elementor-element elementor-element-cbef284 elementor-section-boxed elementor-section-height-default elementor-section-height-default\" data-id=\"cbef284\" data-element_type=\"section\">\n\t\t\t\t\t\t<div class=\"elementor-container elementor-column-gap-extended\">\n\t\t\t\t\t<div class=\"elementor-column elementor-col-100 elementor-top-column elementor-element elementor-element-cec61e3\" data-id=\"cec61e3\" data-element_type=\"column\">\n\t\t\t<div class=\"elementor-widget-wrap elementor-element-populated\">\n\t\t\t\t\t\t<div class=\"elementor-element elementor-element-5157759 elementor-widget elementor-widget-kc_af_title\" data-id=\"5157759\" data-element_type=\"widget\" data-widget_type=\"kc_af_title.default\">\n\t\t\t\t<div class=\"elementor-widget-container\">\n\t\t\t\t\t<div class=\"af-title text-center\">\r\n\t<h3 class=\"af-heading\">Auctions<\/h3>\r\n\t<p><span style=\"color:#666\">Here are the latest auctions from our members. Check them out all<\/span><\/p><\/div>\t\t\t\t<\/div>\n\t\t\t\t<\/div>\n\t\t\t\t\t<\/div>\n\t\t<\/div>\n\t\t\t\t\t<\/div>\n\t\t<\/section>\n\t\t\t\t<section class=\"elementor-section elementor-top-section elementor-element elementor-element-7490054 elementor-section-boxed elementor-section-height-default elementor-section-height-default\" data-id=\"7490054\" data-element_type=\"section\" data-settings=\"{&quot;background_background&quot;:&quot;classic&quot;}\">\n\t\t\t\t\t\t<div class=\"elementor-container elementor-column-gap-extended\">\n\t\t\t\t\t<div class=\"elementor-column elementor-col-50 elementor-top-column elementor-element elementor-element-9112cbe\" data-id=\"9112cbe\" data-element_type=\"column\">\n\t\t\t<div class=\"elementor-widget-wrap elementor-element-populated\">\n\t\t\t\t\t\t<div class=\"elementor-element elementor-element-1386acf elementor-widget elementor-widget-text-editor\" data-id=\"1386acf\" data-element_type=\"widget\" data-widget_type=\"text-editor.default\">\n\t\t\t\t<div class=\"elementor-widget-container\">\n\t\t\t\t\t\t\t\t\t<h2><span style=\"color: #ffffff;\">Register &amp; Benefit<\/span><\/h2>\n<ul style=\"color: #fff;\">\n \t<li><span style=\"color: #ffffff;\">Participate in auctions<\/span><\/li>\n \t<li><span style=\"color: #ffffff;\">Submit your ads<\/span><\/li>\n \t<li><span style=\"color: #ffffff;\">Promote your ads<\/span><\/li>\n \t<li><span style=\"color: #ffffff;\">Get reviewed to become noticeable<\/span><\/li>\n \t<li><span style=\"color: #ffffff;\">Save favorite ads<\/span><\/li>\n \t<li><span style=\"color: #ffffff;\">And more<\/span><\/li>\n<\/ul>\t\t\t\t\t\t\t\t<\/div>\n\t\t\t\t<\/div>\n\t\t\t\t<div class=\"elementor-element elementor-element-5b07fa2 elementor-widget elementor-widget-text-editor\" data-id=\"5b07fa2\" data-element_type=\"widget\" data-widget_type=\"text-editor.default\">\n\t\t\t\t<div class=\"elementor-widget-container\">\n\t\t\t\t\t\t\t\t\t<a class=\"af-button\" href=\"http:\/\/demo.spoonthemes.net\/themes\/adifier\/how-it-works\/\">How It Works<\/a>\t\t\t\t\t\t\t\t<\/div>\n\t\t\t\t<\/div>\n\t\t\t\t\t<\/div>\n\t\t<\/div>\n\t\t\t\t<div class=\"elementor-column elementor-col-50 elementor-top-column elementor-element elementor-element-9f3e82f\" data-id=\"9f3e82f\" data-element_type=\"column\" data-settings=\"{&quot;background_background&quot;:&quot;classic&quot;}\">\n\t\t\t<div class=\"elementor-widget-wrap\">\n\t\t\t\t\t\t\t<\/div>\n\t\t<\/div>\n\t\t\t\t\t<\/div>\n\t\t<\/section>\n\t\t\t\t<section class=\"elementor-section elementor-top-section elementor-element elementor-element-dd96b6c elementor-section-boxed elementor-section-height-default elementor-section-height-default\" data-id=\"dd96b6c\" data-element_type=\"section\">\n\t\t\t\t\t\t<div class=\"elementor-container elementor-column-gap-extended\">\n\t\t\t\t\t<div class=\"elementor-column elementor-col-100 elementor-top-column elementor-element elementor-element-0ddaa8c\" data-id=\"0ddaa8c\" data-element_type=\"column\">\n\t\t\t<div class=\"elementor-widget-wrap elementor-element-populated\">\n\t\t\t\t\t\t<div class=\"elementor-element elementor-element-8ae7e8a elementor-widget elementor-widget-kc_af_title\" data-id=\"8ae7e8a\" data-element_type=\"widget\" data-widget_type=\"kc_af_title.default\">\n\t\t\t\t<div class=\"elementor-widget-container\">\n\t\t\t\t\t<div class=\"af-title text-center\">\r\n\t<h3 class=\"af-heading\">Articles<\/h3>\r\n\t<p><span style=\"color:#666\">Check out our latest articles on how to boost your sales<\/span><\/p><\/div>\t\t\t\t<\/div>\n\t\t\t\t<\/div>\n\t\t\t\t<div class=\"elementor-element elementor-element-75012b0 elementor-widget elementor-widget-kc_blogs\" data-id=\"75012b0\" data-element_type=\"widget\" data-widget_type=\"kc_blogs.default\">\n\t\t\t\t<div class=\"elementor-widget-container\">\n\t\t\t\t\t\t<div class=\"adverts-list element-articles-wrap clearfix adverts-slider owl-carousel\" data-visibleitems=\"3\"  data-autoplay=\"2000\">\r\n\t\t<div class=\"af-item-wrap\">\r\n\t\t\t\t\t<article id=\"post-7275\" class=\"hover-shadow white-block blogs-element post-7275 post type-post status-publish format-standard hentry category-uncategorized\">\t\t\t\t\t\r\n\r\n\t\t\t\t\r\n\t\t\t\t<div class=\"white-block-content\">\r\n\t\t\t\t\t<h5>\r\n\t\t\t\t\t\t<a href=\"https:\/\/demo.spoonthemes.net\/themes\/adifier-demo\/?p=7275\" class=\"text-overflow\" title=\"Sign In to Your Mostbet Account: Access Top Casino Games in the UK\">\r\n\t\t\t\t\t\t\tSign In to Your Mostbet Account: Access Top...\t\t\t\t\t\t<\/a>\r\n\t\t\t\t\t<\/h5>\r\n\r\n\t\t\t\t\t<ul class=\"list-inline list-unstyled top-advert-meta\">\r\n\t\t\t\t\t\t<li>\r\n\t\t\t\t\t\t\t<span>In: <\/span>\r\n\t\t\t\t\t\t\t<a href=\"https:\/\/demo.spoonthemes.net\/themes\/adifier-demo\/?cat=1\" class=\"bz-cat\" >Uncategorized<\/a> \t\t\t\t\t\t<\/li>\r\n\t\t\t\t\t<\/ul>\r\n\r\n\t\t\t\t\t<div class=\"article-excerpt\">\r\n\t\t\t\t\t\t<p>pin upSign In to Your Mostbet Account: Access Top Casino Games in the UK Table Unlock Endless Gaming: Sign In to Your Mostbet Account Today Experience the Thrill of Online Casinos with Mostbet UK Get Started with Mostbet: A Comprehensive Guide to Signing In Access Premium Casino Games with a Few Clicks &#8211; Sign In&#8230;<\/p>\n\t\t\t\t\t<\/div>\r\n\r\n\t\t\t\t<\/div>\r\n\r\n\t\t\t<\/article>\t\t\t\r\n\t\t\t\t\t\t\t<\/div><div class=\"af-item-wrap\">\r\n\t\t\t\t\t\t\t<article id=\"post-7291\" class=\"hover-shadow white-block blogs-element post-7291 post type-post status-publish format-standard hentry category-uncategorized\">\t\t\t\t\t\r\n\r\n\t\t\t\t\r\n\t\t\t\t<div class=\"white-block-content\">\r\n\t\t\t\t\t<h5>\r\n\t\t\t\t\t\t<a href=\"https:\/\/demo.spoonthemes.net\/themes\/adifier-demo\/?p=7291\" class=\"text-overflow\" title=\"Unlock the most exciting gaming experience with Mostbet&#8217;s generous welcome offer in Sri Lanka\">\r\n\t\t\t\t\t\t\tUnlock the most exciting gaming experience with...\t\t\t\t\t\t<\/a>\r\n\t\t\t\t\t<\/h5>\r\n\r\n\t\t\t\t\t<ul class=\"list-inline list-unstyled top-advert-meta\">\r\n\t\t\t\t\t\t<li>\r\n\t\t\t\t\t\t\t<span>In: <\/span>\r\n\t\t\t\t\t\t\t<a href=\"https:\/\/demo.spoonthemes.net\/themes\/adifier-demo\/?cat=1\" class=\"bz-cat\" >Uncategorized<\/a> \t\t\t\t\t\t<\/li>\r\n\t\t\t\t\t<\/ul>\r\n\r\n\t\t\t\t\t<div class=\"article-excerpt\">\r\n\t\t\t\t\t\t<p>pin up casinoUnlock the most exciting gaming experience with Mostbet&#8217;s generous welcome offer in Sri Lanka Table Maximize Your Gaming Thrills: Mostbet&#8217;s Welcome Offer in Sri Lanka Explained Get Started with Mostbet in Sri Lanka: Unlocking the Generous Welcome Bonus Mostbet&#8217;s Welcome Offer: Your Ticket to an Exciting Gaming Experience in Sri Lanka Why Mostbet&#8217;s&#8230;<\/p>\n\t\t\t\t\t<\/div>\r\n\r\n\t\t\t\t<\/div>\r\n\r\n\t\t\t<\/article>\t\t\t\r\n\t\t\t\t\t\t\t<\/div><div class=\"af-item-wrap\">\r\n\t\t\t\t\t\t\t<article id=\"post-7245\" class=\"hover-shadow white-block blogs-element post-7245 post type-post status-publish format-standard hentry category-uncategorized\">\t\t\t\t\t\r\n\r\n\t\t\t\t\r\n\t\t\t\t<div class=\"white-block-content\">\r\n\t\t\t\t\t<h5>\r\n\t\t\t\t\t\t<a href=\"https:\/\/demo.spoonthemes.net\/themes\/adifier-demo\/?p=7245\" class=\"text-overflow\" title=\"Effortlessly Sign In to Your Mostbet Account: A Guide for UK Players\">\r\n\t\t\t\t\t\t\tEffortlessly Sign In to Your Mostbet Account: A...\t\t\t\t\t\t<\/a>\r\n\t\t\t\t\t<\/h5>\r\n\r\n\t\t\t\t\t<ul class=\"list-inline list-unstyled top-advert-meta\">\r\n\t\t\t\t\t\t<li>\r\n\t\t\t\t\t\t\t<span>In: <\/span>\r\n\t\t\t\t\t\t\t<a href=\"https:\/\/demo.spoonthemes.net\/themes\/adifier-demo\/?cat=1\" class=\"bz-cat\" >Uncategorized<\/a> \t\t\t\t\t\t<\/li>\r\n\t\t\t\t\t<\/ul>\r\n\r\n\t\t\t\t\t<div class=\"article-excerpt\">\r\n\t\t\t\t\t\t<p>pinupEffortlessly Sign In to Your Mostbet Account: A Guide for UK Players Table Of Contents Get Started with Mostbet: A Simple Sign-In Tutorial for UK Players Effortlessly Access Your Mostbet Account in Just a Few Clicks Navigating the Mostbet Login: A Comprehensive Guide for UK Players Mostbet Sign-In: How to Quickly and Easily Start Playing&#8230;<\/p>\n\t\t\t\t\t<\/div>\r\n\r\n\t\t\t\t<\/div>\r\n\r\n\t\t\t<\/article>\t\t\t\r\n\t\t\t\t\t\t\t<\/div><div class=\"af-item-wrap\">\r\n\t\t\t\t\t\t\t<article id=\"post-5744\" class=\"hover-shadow white-block blogs-element post-5744 post type-post status-publish format-standard hentry category-uncategorized\">\t\t\t\t\t\r\n\r\n\t\t\t\t\r\n\t\t\t\t<div class=\"white-block-content\">\r\n\t\t\t\t\t<h5>\r\n\t\t\t\t\t\t<a href=\"https:\/\/demo.spoonthemes.net\/themes\/adifier-demo\/?p=5744\" class=\"text-overflow\" title=\"Online Kasino Oynamaq U\u00e7u\u015fda M\u00f6vcudlik Vergisi Olmadan &#8211; T\u0259tbiqetm\u0259sini Yukl\u0259!\">\r\n\t\t\t\t\t\t\tOnline Kasino Oynamaq U\u00e7u\u015fda M\u00f6vcudlik Vergisi...\t\t\t\t\t\t<\/a>\r\n\t\t\t\t\t<\/h5>\r\n\r\n\t\t\t\t\t<ul class=\"list-inline list-unstyled top-advert-meta\">\r\n\t\t\t\t\t\t<li>\r\n\t\t\t\t\t\t\t<span>In: <\/span>\r\n\t\t\t\t\t\t\t<a href=\"https:\/\/demo.spoonthemes.net\/themes\/adifier-demo\/?cat=1\" class=\"bz-cat\" >Uncategorized<\/a> \t\t\t\t\t\t<\/li>\r\n\t\t\t\t\t<\/ul>\r\n\r\n\t\t\t\t\t<div class=\"article-excerpt\">\r\n\t\t\t\t\t\t<p>Online Kasino Oynamaq U\u00e7u\u015fda M\u00f6vcudlik Vergisi Olmadan &#8211; T\u0259tbiqetm\u0259sini Yukl\u0259! Table Online Kasino Oynamaq U\u00e7u\u015fda Vergisiz M\u00fcmk\u00fcn: T\u0259tbiqin \u018flam\u0259tinin 5 \u018fsas \u018fmrlil\u0259ri Vergisiz Online Kasino U\u00e7u\u015fda Oynamaq: T\u0259tbiqin Faydalar\u0131 H\u0259sq\u0131n\u0131zda Azerbaycanda Vergisiz Online Kasino Oynamaq M\u00f6vcud: T\u0259tbiqin \u0130\u015ftiqam\u0259tl\u0259rinizi Ba\u015fa Dayal U\u00e7u\u015fda Vergisiz Online Kasino: 5 \u015eey, Ona Yoxlamal\u0131d\u0131r Vergisiz Online Kasino T\u0259tbiqinin M\u00fc\u0259yy\u0259n\u0259d\u0259ki \u015eanslar\u0131: U\u00e7u\u015fda&#8230;<\/p>\n\t\t\t\t\t<\/div>\r\n\r\n\t\t\t\t<\/div>\r\n\r\n\t\t\t<\/article>\t\t\t\r\n\t\t\t\t\t<\/div>\r\n\t<\/div>\r\n\t\t\t\t<\/div>\n\t\t\t\t<\/div>\n\t\t\t\t\t<\/div>\n\t\t<\/div>\n\t\t\t\t\t<\/div>\n\t\t<\/section>\n\t\t\t\t<section class=\"elementor-section elementor-top-section elementor-element elementor-element-dddb5c4 elementor-section-boxed elementor-section-height-default elementor-section-height-default\" data-id=\"dddb5c4\" data-element_type=\"section\">\n\t\t\t\t\t\t<div class=\"elementor-container elementor-column-gap-narrow\">\n\t\t\t\t\t<div class=\"elementor-column elementor-col-100 elementor-top-column elementor-element elementor-element-a8a1658\" data-id=\"a8a1658\" data-element_type=\"column\">\n\t\t\t<div class=\"elementor-widget-wrap\">\n\t\t\t\t\t\t\t<\/div>\n\t\t<\/div>\n\t\t\t\t\t<\/div>\n\t\t<\/section>\n\t\t\t\t<\/div>\n\t\t","protected":false},"excerpt":{"rendered":"","protected":false},"author":1,"featured_media":0,"parent":0,"menu_order":0,"comment_status":"closed","ping_status":"closed","template":"page-tpl_home.php","meta":{"footnotes":""},"class_list":["post-3773","page","type-page","status-publish","hentry"],"_links":{"self":[{"href":"https:\/\/demo.spoonthemes.net\/themes\/adifier-demo\/index.php?rest_route=\/wp\/v2\/pages\/3773","targetHints":{"allow":["GET"]}}],"collection":[{"href":"https:\/\/demo.spoonthemes.net\/themes\/adifier-demo\/index.php?rest_route=\/wp\/v2\/pages"}],"about":[{"href":"https:\/\/demo.spoonthemes.net\/themes\/adifier-demo\/index.php?rest_route=\/wp\/v2\/types\/page"}],"author":[{"embeddable":true,"href":"https:\/\/demo.spoonthemes.net\/themes\/adifier-demo\/index.php?rest_route=\/wp\/v2\/users\/1"}],"replies":[{"embeddable":true,"href":"https:\/\/demo.spoonthemes.net\/themes\/adifier-demo\/index.php?rest_route=%2Fwp%2Fv2%2Fcomments&post=3773"}],"version-history":[{"count":0,"href":"https:\/\/demo.spoonthemes.net\/themes\/adifier-demo\/index.php?rest_route=\/wp\/v2\/pages\/3773\/revisions"}],"wp:attachment":[{"href":"https:\/\/demo.spoonthemes.net\/themes\/adifier-demo\/index.php?rest_route=%2Fwp%2Fv2%2Fmedia&parent=3773"}],"curies":[{"name":"wp","href":"https:\/\/api.w.org\/{rel}","templated":true}]}}