{"id":3778,"date":"2025-02-21T20:51:38","date_gmt":"2025-02-21T20:51:38","guid":{"rendered":"https:\/\/demo.spoonthemes.net\/themes\/adifier-demo\/?page_id=3778"},"modified":"2025-02-21T20:51:38","modified_gmt":"2025-02-21T20:51:38","slug":"home-page-8-2","status":"publish","type":"page","link":"https:\/\/demo.spoonthemes.net\/themes\/adifier-demo\/?page_id=3778","title":{"rendered":"Home Page 8"},"content":{"rendered":"\t\t<div data-elementor-type=\"wp-page\" data-elementor-id=\"3778\" class=\"elementor elementor-3778 elementor-bc-flex-widget\">\n\t\t\t\t\t\t<section class=\"elementor-section elementor-top-section elementor-element elementor-element-0b5b162 elementor-section-full_width elementor-section-height-default elementor-section-height-default\" data-id=\"0b5b162\" data-element_type=\"section\">\n\t\t\t\t\t\t<div class=\"elementor-container elementor-column-gap-no\">\n\t\t\t\t\t<div class=\"elementor-column elementor-col-100 elementor-top-column elementor-element elementor-element-ac040a5\" data-id=\"ac040a5\" data-element_type=\"column\">\n\t\t\t<div class=\"elementor-widget-wrap elementor-element-populated\">\n\t\t\t\t\t\t<div class=\"elementor-element elementor-element-1b26806 elementor-widget elementor-widget-kc_slider_bg_text\" data-id=\"1b26806\" data-element_type=\"widget\" data-widget_type=\"kc_slider_bg_text.default\">\n\t\t\t\t<div class=\"elementor-widget-container\">\n\t\t\t\t\t\t<div class=\"af-slider-bg-text owl-carousel text-center\" data-speed=\"\">\r\n\t\t\t\t\t\t\t\t<div class=\"af-slider-bg-text-item\" style=\"background-image:url(https:\/\/demo.spoonthemes.net\/themes\/adifier-demo\/wp-content\/uploads\/2018\/04\/slider-1-10.jpg)\">\r\n\t\t\t\t<div class=\"af-title af-slider-bg-text-caption\">\r\n\t\t\t\t\t<h2 class=\"h1-size\" style=\"color:#FFFFFF;\">Check out ads submitted by our members and join us today<\/h2>\t\t\t\t\t<p style=\"color:#FFFFFF;\">Browse from more than <b>15,000,000<\/b> adverts while new ones come on daily bassis<\/p>\t\t\t\t<\/div>\r\n\t\t\t<\/div>\r\n\t\t\t\t\t\t\t\t<div class=\"af-slider-bg-text-item\" style=\"background-image:url(https:\/\/demo.spoonthemes.net\/themes\/adifier-demo\/wp-content\/uploads\/2018\/04\/slider-2-10.jpg)\">\r\n\t\t\t\t<div class=\"af-title af-slider-bg-text-caption\">\r\n\t\t\t\t\t<h2 class=\"h1-size\" style=\"color:#FFFFFF;\">Make your ads stand out by purchasing promotions<\/h2>\t\t\t\t\t<p style=\"color:#FFFFFF;\">You can choose among multiple promotions and also combine them<\/p>\t\t\t\t<\/div>\r\n\t\t\t<\/div>\r\n\t\t\t\t\t\t\t\t<div class=\"af-slider-bg-text-item\" style=\"background-image:url(https:\/\/demo.spoonthemes.net\/themes\/adifier-demo\/wp-content\/uploads\/2018\/04\/slider-1-10.jpg)\">\r\n\t\t\t\t<div class=\"af-title af-slider-bg-text-caption\">\r\n\t\t\t\t\t<h2 class=\"h1-size\" style=\"color:#FFFFFF;\">Phone verification & review system will protect your purchase<\/h2>\t\t\t\t\t<p style=\"color:#FFFFFF;\">Buyers have no fear since we have conducted all safety measures<\/p>\t\t\t\t<\/div>\r\n\t\t\t<\/div>\r\n\t\t\t<\/div>\r\n\t\t\t\t\t<\/div>\n\t\t\t\t<\/div>\n\t\t\t\t\t<\/div>\n\t\t<\/div>\n\t\t\t\t\t<\/div>\n\t\t<\/section>\n\t\t\t\t<section class=\"elementor-section elementor-top-section elementor-element elementor-element-cbef284 elementor-section-boxed elementor-section-height-default elementor-section-height-default\" data-id=\"cbef284\" data-element_type=\"section\">\n\t\t\t\t\t\t<div class=\"elementor-container elementor-column-gap-extended\">\n\t\t\t\t\t<div class=\"elementor-column elementor-col-100 elementor-top-column elementor-element elementor-element-cec61e3\" data-id=\"cec61e3\" data-element_type=\"column\">\n\t\t\t<div class=\"elementor-widget-wrap elementor-element-populated\">\n\t\t\t\t\t\t<div class=\"elementor-element elementor-element-92b4319 elementor-widget elementor-widget-kc_af_title\" data-id=\"92b4319\" data-element_type=\"widget\" data-widget_type=\"kc_af_title.default\">\n\t\t\t\t<div class=\"elementor-widget-container\">\n\t\t\t\t\t<div class=\"af-title text-center\">\r\n\t<h3 class=\"af-heading\">Pick A Category<\/h3>\r\n\t<p>Check out ads from our members from the popular categories<\/p><\/div>\t\t\t\t<\/div>\n\t\t\t\t<\/div>\n\t\t\t\t<div class=\"elementor-element elementor-element-2edfe68 elementor-widget elementor-widget-kc_categories_tree\" data-id=\"2edfe68\" data-element_type=\"widget\" data-widget_type=\"kc_categories_tree.default\">\n\t\t\t\t<div class=\"elementor-widget-container\">\n\t\t\t\t\t\t<div class=\"element-categories-tree af-items-3\" data-visibleitems=\"3\" data-margin=\"30\" data-autoplay=\"\">\r\n\t\t\t\t\t<div class=\"af-item-wrap white-block hover-shadow\" style=\"background-image:url(https:\/\/demo.spoonthemes.net\/themes\/adifier-demo\/wp-content\/uploads\/2018\/02\/adr-16-10-355x250.jpg)\">\r\n\t\t\t\t<div class=\"white-block-content\">\r\n\t\t\t\t\t<h5>\r\n\t\t\t\t\t\t<a href=\"https:\/\/demo.spoonthemes.net\/themes\/adifier-demo\/?advert-category=electronics\">\r\n\t\t\t\t\t\t\tElectronics\t\t\t\t\t\t<\/a>\r\n\t\t\t\t\t<\/h5>\r\n\t\t\t\t\t\t\t\t\t\t\t<ul class=\"categories-subterms list-unstyled\">\r\n\t\t\t\t\t\t\t\t\t\t\t\t\t\t\t<li>\r\n\t\t\t\t\t\t\t\t\t<a href=\"https:\/\/demo.spoonthemes.net\/themes\/adifier-demo\/?advert-category=computers\">\r\n\t\t\t\t\t\t\t\t\t\tComputers\t\t\t\t\t\t\t\t\t<\/a>\r\n\t\t\t\t\t\t\t\t<\/li>\r\n\t\t\t\t\t\t\t\t\t\t\t\t\t\t\t\t<li>\r\n\t\t\t\t\t\t\t\t\t<a href=\"https:\/\/demo.spoonthemes.net\/themes\/adifier-demo\/?advert-category=drones\">\r\n\t\t\t\t\t\t\t\t\t\tDrones\t\t\t\t\t\t\t\t\t<\/a>\r\n\t\t\t\t\t\t\t\t<\/li>\r\n\t\t\t\t\t\t\t\t\t\t\t\t\t\t\t\t<li>\r\n\t\t\t\t\t\t\t\t\t<a href=\"https:\/\/demo.spoonthemes.net\/themes\/adifier-demo\/?advert-category=notebooks\">\r\n\t\t\t\t\t\t\t\t\t\tNotebooks\t\t\t\t\t\t\t\t\t<\/a>\r\n\t\t\t\t\t\t\t\t<\/li>\r\n\t\t\t\t\t\t\t\t\t\t\t\t\t\t<\/ul>\r\n\t\t\t\t\t\t\t\t\t\t\t<div class=\"view-more\">\r\n\t\t\t\t\t\t<a href=\"https:\/\/demo.spoonthemes.net\/themes\/adifier-demo\/?advert-category=electronics\">\r\n\t\t\t\t\t\t\tView All <i class=\"aficon-caret-right-0\"><\/i>\r\n\t\t\t\t\t\t<\/a>\r\n\t\t\t\t\t<\/div>\r\n\t\t\t\t<\/div>\t\t\t\r\n\t\t\t<\/div>\r\n\t\t\t\t\t\t<div class=\"af-item-wrap white-block hover-shadow\" style=\"background-image:url(https:\/\/demo.spoonthemes.net\/themes\/adifier-demo\/wp-content\/uploads\/2018\/02\/adr-22-10-355x250.jpg)\">\r\n\t\t\t\t<div class=\"white-block-content\">\r\n\t\t\t\t\t<h5>\r\n\t\t\t\t\t\t<a href=\"https:\/\/demo.spoonthemes.net\/themes\/adifier-demo\/?advert-category=furniture\">\r\n\t\t\t\t\t\t\tFurniture\t\t\t\t\t\t<\/a>\r\n\t\t\t\t\t<\/h5>\r\n\t\t\t\t\t\t\t\t\t\t\t<ul class=\"categories-subterms list-unstyled\">\r\n\t\t\t\t\t\t\t\t\t\t\t\t\t\t\t<li>\r\n\t\t\t\t\t\t\t\t\t<a href=\"https:\/\/demo.spoonthemes.net\/themes\/adifier-demo\/?advert-category=bedroom\">\r\n\t\t\t\t\t\t\t\t\t\tBedroom\t\t\t\t\t\t\t\t\t<\/a>\r\n\t\t\t\t\t\t\t\t<\/li>\r\n\t\t\t\t\t\t\t\t\t\t\t\t\t\t\t\t<li>\r\n\t\t\t\t\t\t\t\t\t<a href=\"https:\/\/demo.spoonthemes.net\/themes\/adifier-demo\/?advert-category=kitchen\">\r\n\t\t\t\t\t\t\t\t\t\tKitchen\t\t\t\t\t\t\t\t\t<\/a>\r\n\t\t\t\t\t\t\t\t<\/li>\r\n\t\t\t\t\t\t\t\t\t\t\t\t\t\t\t\t<li>\r\n\t\t\t\t\t\t\t\t\t<a href=\"https:\/\/demo.spoonthemes.net\/themes\/adifier-demo\/?advert-category=living-room\">\r\n\t\t\t\t\t\t\t\t\t\tLiving Room\t\t\t\t\t\t\t\t\t<\/a>\r\n\t\t\t\t\t\t\t\t<\/li>\r\n\t\t\t\t\t\t\t\t\t\t\t\t\t\t<\/ul>\r\n\t\t\t\t\t\t\t\t\t\t\t<div class=\"view-more\">\r\n\t\t\t\t\t\t<a href=\"https:\/\/demo.spoonthemes.net\/themes\/adifier-demo\/?advert-category=furniture\">\r\n\t\t\t\t\t\t\tView All <i class=\"aficon-caret-right-0\"><\/i>\r\n\t\t\t\t\t\t<\/a>\r\n\t\t\t\t\t<\/div>\r\n\t\t\t\t<\/div>\t\t\t\r\n\t\t\t<\/div>\r\n\t\t\t\t\t\t<div class=\"af-item-wrap white-block hover-shadow\" style=\"background-image:url(https:\/\/demo.spoonthemes.net\/themes\/adifier-demo\/wp-content\/uploads\/2018\/02\/adr-6-11-355x250.jpg)\">\r\n\t\t\t\t<div class=\"white-block-content\">\r\n\t\t\t\t\t<h5>\r\n\t\t\t\t\t\t<a href=\"https:\/\/demo.spoonthemes.net\/themes\/adifier-demo\/?advert-category=jobs\">\r\n\t\t\t\t\t\t\tJobs\t\t\t\t\t\t<\/a>\r\n\t\t\t\t\t<\/h5>\r\n\t\t\t\t\t\t\t\t\t\t\t<ul class=\"categories-subterms list-unstyled\">\r\n\t\t\t\t\t\t\t\t\t\t\t\t\t\t\t<li>\r\n\t\t\t\t\t\t\t\t\t<a href=\"https:\/\/demo.spoonthemes.net\/themes\/adifier-demo\/?advert-category=dancers\">\r\n\t\t\t\t\t\t\t\t\t\tDancers\t\t\t\t\t\t\t\t\t<\/a>\r\n\t\t\t\t\t\t\t\t<\/li>\r\n\t\t\t\t\t\t\t\t\t\t\t\t\t\t\t\t<li>\r\n\t\t\t\t\t\t\t\t\t<a href=\"https:\/\/demo.spoonthemes.net\/themes\/adifier-demo\/?advert-category=drivers\">\r\n\t\t\t\t\t\t\t\t\t\tDrivers\t\t\t\t\t\t\t\t\t<\/a>\r\n\t\t\t\t\t\t\t\t<\/li>\r\n\t\t\t\t\t\t\t\t\t\t\t\t\t\t\t\t<li>\r\n\t\t\t\t\t\t\t\t\t<a href=\"https:\/\/demo.spoonthemes.net\/themes\/adifier-demo\/?advert-category=film-stunts\">\r\n\t\t\t\t\t\t\t\t\t\tFilm Stunts\t\t\t\t\t\t\t\t\t<\/a>\r\n\t\t\t\t\t\t\t\t<\/li>\r\n\t\t\t\t\t\t\t\t\t\t\t\t\t\t<\/ul>\r\n\t\t\t\t\t\t\t\t\t\t\t<div class=\"view-more\">\r\n\t\t\t\t\t\t<a href=\"https:\/\/demo.spoonthemes.net\/themes\/adifier-demo\/?advert-category=jobs\">\r\n\t\t\t\t\t\t\tView All <i class=\"aficon-caret-right-0\"><\/i>\r\n\t\t\t\t\t\t<\/a>\r\n\t\t\t\t\t<\/div>\r\n\t\t\t\t<\/div>\t\t\t\r\n\t\t\t<\/div>\r\n\t\t\t\t\t\t<div class=\"af-item-wrap white-block hover-shadow\" style=\"background-image:url(https:\/\/demo.spoonthemes.net\/themes\/adifier-demo\/wp-content\/uploads\/2018\/02\/adr-18-11-355x250.jpg)\">\r\n\t\t\t\t<div class=\"white-block-content\">\r\n\t\t\t\t\t<h5>\r\n\t\t\t\t\t\t<a href=\"https:\/\/demo.spoonthemes.net\/themes\/adifier-demo\/?advert-category=real-estate\">\r\n\t\t\t\t\t\t\tReal Estate\t\t\t\t\t\t<\/a>\r\n\t\t\t\t\t<\/h5>\r\n\t\t\t\t\t\t\t\t\t\t\t<ul class=\"categories-subterms list-unstyled\">\r\n\t\t\t\t\t\t\t\t\t\t\t\t\t\t\t<li>\r\n\t\t\t\t\t\t\t\t\t<a href=\"https:\/\/demo.spoonthemes.net\/themes\/adifier-demo\/?advert-category=appartments\">\r\n\t\t\t\t\t\t\t\t\t\tAppartments\t\t\t\t\t\t\t\t\t<\/a>\r\n\t\t\t\t\t\t\t\t<\/li>\r\n\t\t\t\t\t\t\t\t\t\t\t\t\t\t\t\t<li>\r\n\t\t\t\t\t\t\t\t\t<a href=\"https:\/\/demo.spoonthemes.net\/themes\/adifier-demo\/?advert-category=houses\">\r\n\t\t\t\t\t\t\t\t\t\tHouses\t\t\t\t\t\t\t\t\t<\/a>\r\n\t\t\t\t\t\t\t\t<\/li>\r\n\t\t\t\t\t\t\t\t\t\t\t\t\t\t\t\t<li>\r\n\t\t\t\t\t\t\t\t\t<a href=\"https:\/\/demo.spoonthemes.net\/themes\/adifier-demo\/?advert-category=mansons\">\r\n\t\t\t\t\t\t\t\t\t\tMansons\t\t\t\t\t\t\t\t\t<\/a>\r\n\t\t\t\t\t\t\t\t<\/li>\r\n\t\t\t\t\t\t\t\t\t\t\t\t\t\t<\/ul>\r\n\t\t\t\t\t\t\t\t\t\t\t<div class=\"view-more\">\r\n\t\t\t\t\t\t<a href=\"https:\/\/demo.spoonthemes.net\/themes\/adifier-demo\/?advert-category=real-estate\">\r\n\t\t\t\t\t\t\tView All <i class=\"aficon-caret-right-0\"><\/i>\r\n\t\t\t\t\t\t<\/a>\r\n\t\t\t\t\t<\/div>\r\n\t\t\t\t<\/div>\t\t\t\r\n\t\t\t<\/div>\r\n\t\t\t\t\t\t<div class=\"af-item-wrap white-block hover-shadow\" style=\"background-image:url(https:\/\/demo.spoonthemes.net\/themes\/adifier-demo\/wp-content\/uploads\/2018\/02\/adr-20-11-355x250.jpg)\">\r\n\t\t\t\t<div class=\"white-block-content\">\r\n\t\t\t\t\t<h5>\r\n\t\t\t\t\t\t<a href=\"https:\/\/demo.spoonthemes.net\/themes\/adifier-demo\/?advert-category=services\">\r\n\t\t\t\t\t\t\tServices\t\t\t\t\t\t<\/a>\r\n\t\t\t\t\t<\/h5>\r\n\t\t\t\t\t\t\t\t\t\t\t<ul class=\"categories-subterms list-unstyled\">\r\n\t\t\t\t\t\t\t\t\t\t\t\t\t\t\t<li>\r\n\t\t\t\t\t\t\t\t\t<a href=\"https:\/\/demo.spoonthemes.net\/themes\/adifier-demo\/?advert-category=builders\">\r\n\t\t\t\t\t\t\t\t\t\tBuilders\t\t\t\t\t\t\t\t\t<\/a>\r\n\t\t\t\t\t\t\t\t<\/li>\r\n\t\t\t\t\t\t\t\t\t\t\t\t\t\t\t\t<li>\r\n\t\t\t\t\t\t\t\t\t<a href=\"https:\/\/demo.spoonthemes.net\/themes\/adifier-demo\/?advert-category=car-mechanic\">\r\n\t\t\t\t\t\t\t\t\t\tCar Mechanic\t\t\t\t\t\t\t\t\t<\/a>\r\n\t\t\t\t\t\t\t\t<\/li>\r\n\t\t\t\t\t\t\t\t\t\t\t\t\t\t\t\t<li>\r\n\t\t\t\t\t\t\t\t\t<a href=\"https:\/\/demo.spoonthemes.net\/themes\/adifier-demo\/?advert-category=moving-storage\">\r\n\t\t\t\t\t\t\t\t\t\tMoving &amp; Storage\t\t\t\t\t\t\t\t\t<\/a>\r\n\t\t\t\t\t\t\t\t<\/li>\r\n\t\t\t\t\t\t\t\t\t\t\t\t\t\t<\/ul>\r\n\t\t\t\t\t\t\t\t\t\t\t<div class=\"view-more\">\r\n\t\t\t\t\t\t<a href=\"https:\/\/demo.spoonthemes.net\/themes\/adifier-demo\/?advert-category=services\">\r\n\t\t\t\t\t\t\tView All <i class=\"aficon-caret-right-0\"><\/i>\r\n\t\t\t\t\t\t<\/a>\r\n\t\t\t\t\t<\/div>\r\n\t\t\t\t<\/div>\t\t\t\r\n\t\t\t<\/div>\r\n\t\t\t\t\t\t<div class=\"af-item-wrap white-block hover-shadow\" style=\"background-image:url(https:\/\/demo.spoonthemes.net\/themes\/adifier-demo\/wp-content\/uploads\/2018\/02\/adr-23-11-355x250.jpg)\">\r\n\t\t\t\t<div class=\"white-block-content\">\r\n\t\t\t\t\t<h5>\r\n\t\t\t\t\t\t<a href=\"https:\/\/demo.spoonthemes.net\/themes\/adifier-demo\/?advert-category=vehicles\">\r\n\t\t\t\t\t\t\tVehicles\t\t\t\t\t\t<\/a>\r\n\t\t\t\t\t<\/h5>\r\n\t\t\t\t\t\t\t\t\t\t\t<ul class=\"categories-subterms list-unstyled\">\r\n\t\t\t\t\t\t\t\t\t\t\t\t\t\t\t<li>\r\n\t\t\t\t\t\t\t\t\t<a href=\"https:\/\/demo.spoonthemes.net\/themes\/adifier-demo\/?advert-category=boats-watercrafts\">\r\n\t\t\t\t\t\t\t\t\t\tBoats &amp; Watercrafts\t\t\t\t\t\t\t\t\t<\/a>\r\n\t\t\t\t\t\t\t\t<\/li>\r\n\t\t\t\t\t\t\t\t\t\t\t\t\t\t\t\t<li>\r\n\t\t\t\t\t\t\t\t\t<a href=\"https:\/\/demo.spoonthemes.net\/themes\/adifier-demo\/?advert-category=campers\">\r\n\t\t\t\t\t\t\t\t\t\tCampers\t\t\t\t\t\t\t\t\t<\/a>\r\n\t\t\t\t\t\t\t\t<\/li>\r\n\t\t\t\t\t\t\t\t\t\t\t\t\t\t\t\t<li>\r\n\t\t\t\t\t\t\t\t\t<a href=\"https:\/\/demo.spoonthemes.net\/themes\/adifier-demo\/?advert-category=cars\">\r\n\t\t\t\t\t\t\t\t\t\tCars\t\t\t\t\t\t\t\t\t<\/a>\r\n\t\t\t\t\t\t\t\t<\/li>\r\n\t\t\t\t\t\t\t\t\t\t\t\t\t\t<\/ul>\r\n\t\t\t\t\t\t\t\t\t\t\t<div class=\"view-more\">\r\n\t\t\t\t\t\t<a href=\"https:\/\/demo.spoonthemes.net\/themes\/adifier-demo\/?advert-category=vehicles\">\r\n\t\t\t\t\t\t\tView All <i class=\"aficon-caret-right-0\"><\/i>\r\n\t\t\t\t\t\t<\/a>\r\n\t\t\t\t\t<\/div>\r\n\t\t\t\t<\/div>\t\t\t\r\n\t\t\t<\/div>\r\n\t\t\t\t<\/div>\r\n\t\t\t\t\t<\/div>\n\t\t\t\t<\/div>\n\t\t\t\t\t<\/div>\n\t\t<\/div>\n\t\t\t\t\t<\/div>\n\t\t<\/section>\n\t\t\t\t<section class=\"elementor-section elementor-top-section elementor-element elementor-element-cc48fbb elementor-section-full_width elementor-section-height-default elementor-section-height-default\" data-id=\"cc48fbb\" data-element_type=\"section\" data-settings=\"{&quot;background_background&quot;:&quot;classic&quot;}\">\n\t\t\t\t\t\t<div class=\"elementor-container elementor-column-gap-extended\">\n\t\t\t\t\t<div class=\"elementor-column elementor-col-100 elementor-top-column elementor-element elementor-element-e2949f1\" data-id=\"e2949f1\" data-element_type=\"column\">\n\t\t\t<div class=\"elementor-widget-wrap elementor-element-populated\">\n\t\t\t\t\t\t<div class=\"elementor-element elementor-element-f7cedc4 elementor-widget elementor-widget-kc_af_title\" data-id=\"f7cedc4\" data-element_type=\"widget\" data-widget_type=\"kc_af_title.default\">\n\t\t\t\t<div class=\"elementor-widget-container\">\n\t\t\t\t\t<div class=\"af-title text-center\">\r\n\t<h3 class=\"af-heading\">Latest Ads Added<\/h3>\r\n\t<p>Check out these latest ads from our members<\/p><\/div>\t\t\t\t<\/div>\n\t\t\t\t<\/div>\n\t\t\t\t\t<\/div>\n\t\t<\/div>\n\t\t\t\t\t<\/div>\n\t\t<\/section>\n\t\t\t\t<section class=\"elementor-section elementor-top-section elementor-element elementor-element-d3ff07d elementor-section-boxed elementor-section-height-default elementor-section-height-default\" data-id=\"d3ff07d\" data-element_type=\"section\">\n\t\t\t\t\t\t<div class=\"elementor-container elementor-column-gap-extended\">\n\t\t\t\t\t<div class=\"elementor-column elementor-col-100 elementor-top-column elementor-element elementor-element-978123c\" data-id=\"978123c\" data-element_type=\"column\">\n\t\t\t<div class=\"elementor-widget-wrap elementor-element-populated\">\n\t\t\t\t\t\t<div class=\"elementor-element elementor-element-ee7875c elementor-widget elementor-widget-kc_af_title\" data-id=\"ee7875c\" data-element_type=\"widget\" data-widget_type=\"kc_af_title.default\">\n\t\t\t\t<div class=\"elementor-widget-container\">\n\t\t\t\t\t<div class=\"af-title text-center\">\r\n\t<h3 class=\"af-heading\">Recent Articles<\/h3>\r\n\t<p>Find out what's new in classified world<\/p><\/div>\t\t\t\t<\/div>\n\t\t\t\t<\/div>\n\t\t\t\t<div class=\"elementor-element elementor-element-d15c0b8 elementor-widget elementor-widget-kc_blogs\" data-id=\"d15c0b8\" data-element_type=\"widget\" data-widget_type=\"kc_blogs.default\">\n\t\t\t\t<div class=\"elementor-widget-container\">\n\t\t\t\t\t\t<div class=\"adverts-list element-articles-wrap clearfix adverts-slider owl-carousel\" data-visibleitems=\"3\"  data-autoplay=\"2000\">\r\n\t\t<div class=\"af-item-wrap\">\r\n\t\t\t\t\t<article id=\"post-7275\" class=\"hover-shadow white-block blogs-element post-7275 post type-post status-publish format-standard hentry category-uncategorized\">\t\t\t\t\t\r\n\r\n\t\t\t\t\r\n\t\t\t\t<div class=\"white-block-content\">\r\n\t\t\t\t\t<h5>\r\n\t\t\t\t\t\t<a href=\"https:\/\/demo.spoonthemes.net\/themes\/adifier-demo\/?p=7275\" class=\"text-overflow\" title=\"Sign In to Your Mostbet Account: Access Top Casino Games in the UK\">\r\n\t\t\t\t\t\t\tSign In to Your Mostbet Account: Access Top...\t\t\t\t\t\t<\/a>\r\n\t\t\t\t\t<\/h5>\r\n\r\n\t\t\t\t\t<ul class=\"list-inline list-unstyled top-advert-meta\">\r\n\t\t\t\t\t\t<li>\r\n\t\t\t\t\t\t\t<span>In: <\/span>\r\n\t\t\t\t\t\t\t<a href=\"https:\/\/demo.spoonthemes.net\/themes\/adifier-demo\/?cat=1\" class=\"bz-cat\" >Uncategorized<\/a> \t\t\t\t\t\t<\/li>\r\n\t\t\t\t\t<\/ul>\r\n\r\n\t\t\t\t\t<div class=\"article-excerpt\">\r\n\t\t\t\t\t\t<p>pin upSign In to Your Mostbet Account: Access Top Casino Games in the UK Table Unlock Endless Gaming: Sign In to Your Mostbet Account Today Experience the Thrill of Online Casinos with Mostbet UK Get Started with Mostbet: A Comprehensive Guide to Signing In Access Premium Casino Games with a Few Clicks &#8211; Sign In&#8230;<\/p>\n\t\t\t\t\t<\/div>\r\n\r\n\t\t\t\t<\/div>\r\n\r\n\t\t\t<\/article>\t\t\t\r\n\t\t\t\t\t\t\t<\/div><div class=\"af-item-wrap\">\r\n\t\t\t\t\t\t\t<article id=\"post-7291\" class=\"hover-shadow white-block blogs-element post-7291 post type-post status-publish format-standard hentry category-uncategorized\">\t\t\t\t\t\r\n\r\n\t\t\t\t\r\n\t\t\t\t<div class=\"white-block-content\">\r\n\t\t\t\t\t<h5>\r\n\t\t\t\t\t\t<a href=\"https:\/\/demo.spoonthemes.net\/themes\/adifier-demo\/?p=7291\" class=\"text-overflow\" title=\"Unlock the most exciting gaming experience with Mostbet&#8217;s generous welcome offer in Sri Lanka\">\r\n\t\t\t\t\t\t\tUnlock the most exciting gaming experience with...\t\t\t\t\t\t<\/a>\r\n\t\t\t\t\t<\/h5>\r\n\r\n\t\t\t\t\t<ul class=\"list-inline list-unstyled top-advert-meta\">\r\n\t\t\t\t\t\t<li>\r\n\t\t\t\t\t\t\t<span>In: <\/span>\r\n\t\t\t\t\t\t\t<a href=\"https:\/\/demo.spoonthemes.net\/themes\/adifier-demo\/?cat=1\" class=\"bz-cat\" >Uncategorized<\/a> \t\t\t\t\t\t<\/li>\r\n\t\t\t\t\t<\/ul>\r\n\r\n\t\t\t\t\t<div class=\"article-excerpt\">\r\n\t\t\t\t\t\t<p>pin up casinoUnlock the most exciting gaming experience with Mostbet&#8217;s generous welcome offer in Sri Lanka Table Maximize Your Gaming Thrills: Mostbet&#8217;s Welcome Offer in Sri Lanka Explained Get Started with Mostbet in Sri Lanka: Unlocking the Generous Welcome Bonus Mostbet&#8217;s Welcome Offer: Your Ticket to an Exciting Gaming Experience in Sri Lanka Why Mostbet&#8217;s&#8230;<\/p>\n\t\t\t\t\t<\/div>\r\n\r\n\t\t\t\t<\/div>\r\n\r\n\t\t\t<\/article>\t\t\t\r\n\t\t\t\t\t\t\t<\/div><div class=\"af-item-wrap\">\r\n\t\t\t\t\t\t\t<article id=\"post-7245\" class=\"hover-shadow white-block blogs-element post-7245 post type-post status-publish format-standard hentry category-uncategorized\">\t\t\t\t\t\r\n\r\n\t\t\t\t\r\n\t\t\t\t<div class=\"white-block-content\">\r\n\t\t\t\t\t<h5>\r\n\t\t\t\t\t\t<a href=\"https:\/\/demo.spoonthemes.net\/themes\/adifier-demo\/?p=7245\" class=\"text-overflow\" title=\"Effortlessly Sign In to Your Mostbet Account: A Guide for UK Players\">\r\n\t\t\t\t\t\t\tEffortlessly Sign In to Your Mostbet Account: A...\t\t\t\t\t\t<\/a>\r\n\t\t\t\t\t<\/h5>\r\n\r\n\t\t\t\t\t<ul class=\"list-inline list-unstyled top-advert-meta\">\r\n\t\t\t\t\t\t<li>\r\n\t\t\t\t\t\t\t<span>In: <\/span>\r\n\t\t\t\t\t\t\t<a href=\"https:\/\/demo.spoonthemes.net\/themes\/adifier-demo\/?cat=1\" class=\"bz-cat\" >Uncategorized<\/a> \t\t\t\t\t\t<\/li>\r\n\t\t\t\t\t<\/ul>\r\n\r\n\t\t\t\t\t<div class=\"article-excerpt\">\r\n\t\t\t\t\t\t<p>pinupEffortlessly Sign In to Your Mostbet Account: A Guide for UK Players Table Of Contents Get Started with Mostbet: A Simple Sign-In Tutorial for UK Players Effortlessly Access Your Mostbet Account in Just a Few Clicks Navigating the Mostbet Login: A Comprehensive Guide for UK Players Mostbet Sign-In: How to Quickly and Easily Start Playing&#8230;<\/p>\n\t\t\t\t\t<\/div>\r\n\r\n\t\t\t\t<\/div>\r\n\r\n\t\t\t<\/article>\t\t\t\r\n\t\t\t\t\t\t\t<\/div><div class=\"af-item-wrap\">\r\n\t\t\t\t\t\t\t<article id=\"post-5744\" class=\"hover-shadow white-block blogs-element post-5744 post type-post status-publish format-standard hentry category-uncategorized\">\t\t\t\t\t\r\n\r\n\t\t\t\t\r\n\t\t\t\t<div class=\"white-block-content\">\r\n\t\t\t\t\t<h5>\r\n\t\t\t\t\t\t<a href=\"https:\/\/demo.spoonthemes.net\/themes\/adifier-demo\/?p=5744\" class=\"text-overflow\" title=\"Online Kasino Oynamaq U\u00e7u\u015fda M\u00f6vcudlik Vergisi Olmadan &#8211; T\u0259tbiqetm\u0259sini Yukl\u0259!\">\r\n\t\t\t\t\t\t\tOnline Kasino Oynamaq U\u00e7u\u015fda M\u00f6vcudlik Vergisi...\t\t\t\t\t\t<\/a>\r\n\t\t\t\t\t<\/h5>\r\n\r\n\t\t\t\t\t<ul class=\"list-inline list-unstyled top-advert-meta\">\r\n\t\t\t\t\t\t<li>\r\n\t\t\t\t\t\t\t<span>In: <\/span>\r\n\t\t\t\t\t\t\t<a href=\"https:\/\/demo.spoonthemes.net\/themes\/adifier-demo\/?cat=1\" class=\"bz-cat\" >Uncategorized<\/a> \t\t\t\t\t\t<\/li>\r\n\t\t\t\t\t<\/ul>\r\n\r\n\t\t\t\t\t<div class=\"article-excerpt\">\r\n\t\t\t\t\t\t<p>Online Kasino Oynamaq U\u00e7u\u015fda M\u00f6vcudlik Vergisi Olmadan &#8211; T\u0259tbiqetm\u0259sini Yukl\u0259! Table Online Kasino Oynamaq U\u00e7u\u015fda Vergisiz M\u00fcmk\u00fcn: T\u0259tbiqin \u018flam\u0259tinin 5 \u018fsas \u018fmrlil\u0259ri Vergisiz Online Kasino U\u00e7u\u015fda Oynamaq: T\u0259tbiqin Faydalar\u0131 H\u0259sq\u0131n\u0131zda Azerbaycanda Vergisiz Online Kasino Oynamaq M\u00f6vcud: T\u0259tbiqin \u0130\u015ftiqam\u0259tl\u0259rinizi Ba\u015fa Dayal U\u00e7u\u015fda Vergisiz Online Kasino: 5 \u015eey, Ona Yoxlamal\u0131d\u0131r Vergisiz Online Kasino T\u0259tbiqinin M\u00fc\u0259yy\u0259n\u0259d\u0259ki \u015eanslar\u0131: U\u00e7u\u015fda&#8230;<\/p>\n\t\t\t\t\t<\/div>\r\n\r\n\t\t\t\t<\/div>\r\n\r\n\t\t\t<\/article>\t\t\t\r\n\t\t\t\t\t\t\t<\/div><div class=\"af-item-wrap\">\r\n\t\t\t\t\t\t\t<article id=\"post-7137\" class=\"hover-shadow white-block blogs-element post-7137 post type-post status-publish format-standard hentry category-uncategorized\">\t\t\t\t\t\r\n\r\n\t\t\t\t\r\n\t\t\t\t<div class=\"white-block-content\">\r\n\t\t\t\t\t<h5>\r\n\t\t\t\t\t\t<a href=\"https:\/\/demo.spoonthemes.net\/themes\/adifier-demo\/?p=7137\" class=\"text-overflow\" title=\"Discover the Thrill of Sports Betting with Mostbet in Nepal: A Comprehensive Guide\">\r\n\t\t\t\t\t\t\tDiscover the Thrill of Sports Betting with...\t\t\t\t\t\t<\/a>\r\n\t\t\t\t\t<\/h5>\r\n\r\n\t\t\t\t\t<ul class=\"list-inline list-unstyled top-advert-meta\">\r\n\t\t\t\t\t\t<li>\r\n\t\t\t\t\t\t\t<span>In: <\/span>\r\n\t\t\t\t\t\t\t<a href=\"https:\/\/demo.spoonthemes.net\/themes\/adifier-demo\/?cat=1\" class=\"bz-cat\" >Uncategorized<\/a> \t\t\t\t\t\t<\/li>\r\n\t\t\t\t\t<\/ul>\r\n\r\n\t\t\t\t\t<div class=\"article-excerpt\">\r\n\t\t\t\t\t\t<p>Discover the Thrill of Sports Betting with Mostbet in Nepal: A Comprehensive Guide Table of contents Get Started with Sports Betting on Mostbet in Nepal: A Beginner&#8217;s Guide Maximizing Your Winnings: Expert Tips for Betting on Mostbet in Nepal Understanding the Mostbet Sports Betting Markets in Nepal A Comprehensive Look at the Mostbet Platform for&#8230;<\/p>\n\t\t\t\t\t<\/div>\r\n\r\n\t\t\t\t<\/div>\r\n\r\n\t\t\t<\/article>\t\t\t\r\n\t\t\t\t\t<\/div>\r\n\t<\/div>\r\n\t\t\t\t<\/div>\n\t\t\t\t<\/div>\n\t\t\t\t\t<\/div>\n\t\t<\/div>\n\t\t\t\t\t<\/div>\n\t\t<\/section>\n\t\t\t\t<\/div>\n\t\t","protected":false},"excerpt":{"rendered":"","protected":false},"author":1,"featured_media":0,"parent":0,"menu_order":0,"comment_status":"closed","ping_status":"closed","template":"page-tpl_home.php","meta":{"footnotes":""},"class_list":["post-3778","page","type-page","status-publish","hentry"],"_links":{"self":[{"href":"https:\/\/demo.spoonthemes.net\/themes\/adifier-demo\/index.php?rest_route=\/wp\/v2\/pages\/3778","targetHints":{"allow":["GET"]}}],"collection":[{"href":"https:\/\/demo.spoonthemes.net\/themes\/adifier-demo\/index.php?rest_route=\/wp\/v2\/pages"}],"about":[{"href":"https:\/\/demo.spoonthemes.net\/themes\/adifier-demo\/index.php?rest_route=\/wp\/v2\/types\/page"}],"author":[{"embeddable":true,"href":"https:\/\/demo.spoonthemes.net\/themes\/adifier-demo\/index.php?rest_route=\/wp\/v2\/users\/1"}],"replies":[{"embeddable":true,"href":"https:\/\/demo.spoonthemes.net\/themes\/adifier-demo\/index.php?rest_route=%2Fwp%2Fv2%2Fcomments&post=3778"}],"version-history":[{"count":0,"href":"https:\/\/demo.spoonthemes.net\/themes\/adifier-demo\/index.php?rest_route=\/wp\/v2\/pages\/3778\/revisions"}],"wp:attachment":[{"href":"https:\/\/demo.spoonthemes.net\/themes\/adifier-demo\/index.php?rest_route=%2Fwp%2Fv2%2Fmedia&parent=3778"}],"curies":[{"name":"wp","href":"https:\/\/api.w.org\/{rel}","templated":true}]}}